{"id":31,"date":"2017-01-11T10:25:42","date_gmt":"2017-01-11T10:25:42","guid":{"rendered":"http:\/\/schorsch-der-schmied.de\/?page_id=31"},"modified":"2024-09-15T11:32:31","modified_gmt":"2024-09-15T11:32:31","slug":"impressum","status":"publish","type":"page","link":"https:\/\/schorsch-der-schmied.de\/?page_id=31","title":{"rendered":"IMPRESSUM"},"content":{"rendered":"<p>F\u00fcr diese Seite zeichnet sich verantwortlich:<\/p>\n<p>J\u00fcrgen Gra\u00dfler<br \/>\nFrauenberger Stra\u00dfe 7<br \/>\n93164 Laaber<br \/>\ninfo@schorsch-der-schmied.de<br \/>\nTel.: 09498 \/ 906 55 61<\/p>\n","protected":false},"excerpt":{"rendered":"<p>F\u00fcr diese Seite zeichnet sich verantwortlich: J\u00fcrgen Gra\u00dfler Frauenberger Stra\u00dfe 7 93164 Laaber info@schorsch-der-schmied.de Tel.: 09498 \/ 906 55 61<\/p>\n","protected":false},"author":1,"featured_media":0,"parent":0,"menu_order":0,"comment_status":"closed","ping_status":"closed","template":"","meta":[],"_links":{"self":[{"href":"https:\/\/schorsch-der-schmied.de\/index.php?rest_route=\/wp\/v2\/pages\/31"}],"collection":[{"href":"https:\/\/schorsch-der-schmied.de\/index.php?rest_route=\/wp\/v2\/pages"}],"about":[{"href":"https:\/\/schorsch-der-schmied.de\/index.php?rest_route=\/wp\/v2\/types\/page"}],"author":[{"embeddable":true,"href":"https:\/\/schorsch-der-schmied.de\/index.php?rest_route=\/wp\/v2\/users\/1"}],"replies":[{"embeddable":true,"href":"https:\/\/schorsch-der-schmied.de\/index.php?rest_route=%2Fwp%2Fv2%2Fcomments&post=31"}],"version-history":[{"count":16,"href":"https:\/\/schorsch-der-schmied.de\/index.php?rest_route=\/wp\/v2\/pages\/31\/revisions"}],"predecessor-version":[{"id":564,"href":"https:\/\/schorsch-der-schmied.de\/index.php?rest_route=\/wp\/v2\/pages\/31\/revisions\/564"}],"wp:attachment":[{"href":"https:\/\/schorsch-der-schmied.de\/index.php?rest_route=%2Fwp%2Fv2%2Fmedia&parent=31"}],"curies":[{"name":"wp","href":"https:\/\/api.w.org\/{rel}","templated":true}]}}